{"id":8,"date":"2009-02-09T14:50:32","date_gmt":"2009-02-09T13:50:32","guid":{"rendered":"http:\/\/www.clubaraba.com\/?page_id=8"},"modified":"2015-03-17T21:44:47","modified_gmt":"2015-03-17T20:44:47","slug":"quienes-somos","status":"publish","type":"page","link":"http:\/\/www.clubaraba.com\/?page_id=8","title":{"rendered":"QUIENES SOMOS"},"content":{"rendered":"<h1 style=\"padding-left: 90px;\"><span style=\"color: #993300;\"><span style=\"color: #000080;\">CLUB ARABA DE BOLOS.<\/span><\/span><\/h1>\n<h2><span style=\"color: #000080;\">El club Araba se crea en 1984. Nace ante la necesidad de alguna entidad <\/span><span style=\"color: #000080;\">que organice campeonatos y tiradas de bolos.<\/span><\/h2>\n<h2><span style=\"color: #000080;\"><span style=\"color: #000000;\"><span style=\"color: #000080;\">El club Araba cuenta con mas de 1000 fichas federativas, a d\u00eda de hoy y <\/span><\/span><\/span><span style=\"color: #000080;\"><span style=\"color: #000000;\"><span style=\"color: #000080;\">repartidas en las diferentes categor\u00edas.<\/span><\/span><\/span><\/h2>\n<table border=\"0\" frame=\"void\" rules=\"none\" cellspacing=\"0\">\n<colgroup span=\"1\">\n<col span=\"1\" width=\"607\" \/> <\/colgroup>\n<tbody>\n<tr>\n<td style=\"border-right: #000000 1px solid; border-top: #000000 1px solid; border-left: #000000 1px solid; text-align: center;\" width=\"607\" height=\"52\"><span style=\"font-size: xx-large; color: #ff6600;\">Club Araba De Bolos<\/span><\/td>\n<\/tr>\n<tr>\n<td style=\"border-right: #000000 1px solid; border-left: #000000 1px solid; text-align: center;\" height=\"43\"><span style=\"font-size: x-large; color: #0033cc;\">A\u00f1o de fundaci\u00f3n&#8230;&#8230;&#8230;&#8230;&#8230;&#8230;1984<\/span><\/td>\n<\/tr>\n<tr>\n<td style=\"border-right: #000000 1px solid; border-left: #000000 1px solid; text-align: center;\" height=\"42\"><span style=\"font-size: x-large; color: #0033cc;\">N\u00ba de socios federados&#8230;&#8230;&#8230;1056<\/span><\/td>\n<\/tr>\n<tr>\n<td style=\"border-right: #000000 1px solid; border-left: #000000 1px solid; text-align: center;\" height=\"43\"><span style=\"font-size: x-large; color: #0033cc;\">Primera masculina&#8230;&#8230;&#8230;&#8230;&#8230;.707<\/span><\/td>\n<\/tr>\n<tr>\n<td style=\"border-right: #000000 1px solid; border-left: #000000 1px solid; text-align: center;\" height=\"43\"><span style=\"font-size: x-large; color: #0033cc;\">Primera femenina &#8230;&#8230;&#8230;&#8230;&#8230;..219<\/span><\/td>\n<\/tr>\n<tr>\n<td style=\"border-right: #000000 1px solid; border-left: #000000 1px solid; text-align: center;\" height=\"43\"><span style=\"font-size: x-large; color: #0033cc;\">Juvenil&#8230;&#8230;&#8230;&#8230;&#8230;&#8230;&#8230;&#8230;&#8230;&#8230;&#8230;.70<\/span><\/td>\n<\/tr>\n<tr>\n<td style=\"border-right: #000000 1px solid; border-left: #000000 1px solid; text-align: center;\" height=\"43\"><span style=\"font-size: x-large; color: #0033cc;\">Escolar&#8230;&#8230;&#8230;&#8230;&#8230;&#8230;&#8230;&#8230;&#8230;&#8230;&#8230;60<\/span><\/td>\n<\/tr>\n<tr>\n<td style=\"border-right: #000000 1px solid; border-left: #000000 1px solid; border-bottom: #000000 1px solid; text-align: center;\" height=\"42\"><span style=\"font-size: x-large; color: #0033cc;\">N\u00ba de equipos&#8230;&#8230;&#8230;&#8230;&#8230;&#8230;&#8230;..63<\/span><\/td>\n<\/tr>\n<\/tbody>\n<\/table>\n<h1 style=\"text-align: center;\"><span style=\"color: #000080;\"><span style=\"color: #ff0000;\">Campeonatos que organizamos:<\/span><\/span><\/h1>\n<p>&nbsp;<\/p>\n<p>&nbsp;<\/p>\n<p>&nbsp;<\/p>\n<table border=\"0\" frame=\"void\" rules=\"none\" cellspacing=\"0\">\n<colgroup span=\"1\">\n<col span=\"1\" width=\"86\" \/>\n<col span=\"1\" width=\"86\" \/>\n<col span=\"1\" width=\"86\" \/>\n<col span=\"1\" width=\"86\" \/>\n<col span=\"1\" width=\"86\" \/>\n<col span=\"1\" width=\"351\" \/> <\/colgroup>\n<tbody>\n<tr>\n<td style=\"border-right: #000000 1px solid; border-top: #000000 1px solid; border-left: #000000 1px solid;\" colspan=\"6\" align=\"left\" width=\"780\" height=\"38\"><span style=\"font-size: x-large; color: #0033cc;\">Liguilla alavesa \u2013 enero y febrero<\/span><\/td>\n<\/tr>\n<tr>\n<td style=\"border-right: #000000 1px solid; border-left: #000000 1px solid;\" colspan=\"6\" align=\"left\" height=\"40\"><span style=\"font-size: x-large; color: #0033cc;\">Torneo \u00cdnter pueblos \u2013 de febrero a mayo<\/span><\/td>\n<\/tr>\n<tr>\n<td style=\"border-right: #000000 1px solid; border-left: #000000 1px solid;\" colspan=\"6\" align=\"left\" height=\"38\"><span style=\"font-size: x-large; color: #0033cc;\">Campeonato San Prudencio \u2013 28 de abril<\/span><\/td>\n<\/tr>\n<tr>\n<td style=\"border-right: #000000 1px solid; border-left: #000000 1px solid;\" colspan=\"6\" align=\"left\" height=\"40\"><span style=\"font-size: x-large; color: #0033cc;\">Campeonato de veteranos \u2013 junio <\/span><\/td>\n<\/tr>\n<tr>\n<td style=\"border-right: #000000 1px solid; border-left: #000000 1px solid;\" colspan=\"6\" align=\"left\" height=\"40\"><span style=\"font-size: x-large; color: #0033cc;\">Copa Presidente \u2013 junio <\/span><\/td>\n<\/tr>\n<tr>\n<td style=\"border-right: #000000 1px solid; border-left: #000000 1px solid;\" colspan=\"6\" align=\"left\" height=\"40\"><span style=\"font-size: x-large; color: #0033cc;\">Campeonato Virgen Blanca \u2013 julio y agosto<\/span><\/td>\n<\/tr>\n<tr>\n<td style=\"border-right: #000000 1px solid; border-left: #000000 1px solid;\" colspan=\"6\" align=\"left\" height=\"38\"><span style=\"font-size: x-large; color: #0033cc;\">Exihibici\u00f3n Virgen Blanca \u2013 agosto<\/span><\/td>\n<\/tr>\n<tr>\n<td style=\"border-right: #000000 1px solid; border-left: #000000 1px solid;\" colspan=\"6\" align=\"left\" height=\"38\"><span style=\"font-size: x-large; color: #0033cc;\">Campeonato de \u00c1lava \u2013 septiembre <\/span><\/td>\n<\/tr>\n<tr>\n<td style=\"border-right: #000000 1px solid; border-left: #000000 1px solid;\" colspan=\"6\" align=\"left\" height=\"40\"><span style=\"font-size: x-large; color: #0033cc;\">Campeonato oto\u00f1o parejas \u2013 septiembre \u2013 octubre <\/span><\/td>\n<\/tr>\n<tr>\n<td style=\"border-right: #000000 1px solid; border-left: #000000 1px solid;\" colspan=\"6\" align=\"left\" height=\"40\"><span style=\"font-size: x-large; color: #0033cc;\">Torneo Diputaci\u00f3n &#8211; octubre \u2013 noviembre <\/span><\/td>\n<\/tr>\n<tr>\n<td style=\"border-right: #000000 1px solid; border-left: #000000 1px solid;\" colspan=\"6\" align=\"left\" height=\"40\"><span style=\"font-size: x-large; color: #0033cc;\">Campeonato de campeones \u2013 noviembre <\/span><\/td>\n<\/tr>\n<tr>\n<td style=\"border-right: #000000 1px solid; border-left: #000000 1px solid; border-bottom: #000000 1px solid;\" colspan=\"6\" align=\"left\" height=\"40\"><span style=\"font-size: x-large; color: #0033cc;\">Campeonato Asamblea \u2013 noviembre <\/span><\/td>\n<\/tr>\n<\/tbody>\n<\/table>\n<h1 style=\"text-align: center;\"><\/h1>\n<h1 style=\"text-align: center;\"><span style=\"color: #ff0000;\">EN EUROPA<\/span><\/h1>\n<p style=\"text-align: center;\">\n<p><img loading=\"lazy\" class=\"aligncenter size-full wp-image-274\" title=\"logo2\" alt=\"logo2\" src=\"http:\/\/www.clubaraba.com\/wp-content\/uploads\/2009\/02\/logo2.jpg\" width=\"450\" height=\"380\" srcset=\"http:\/\/www.clubaraba.com\/wp-content\/uploads\/2009\/02\/logo2.jpg 450w, http:\/\/www.clubaraba.com\/wp-content\/uploads\/2009\/02\/logo2-300x253.jpg 300w\" sizes=\"(max-width: 450px) 100vw, 450px\" \/><\/p>\n<h1>\u00a0<span style=\"color: #0000ff;\">Somos socios fundadores de la asociacion europea de <\/span><\/h1>\n<h1><span style=\"color: #0000ff;\">juegos y deportes tradicionales<\/span><\/h1>\n<h1><\/h1>\n<h1><span style=\"color: #000080;\">Junta directiva:<\/span><\/h1>\n<h2><span style=\"color: #000080;\">Presidente: Jos\u00e9 Antonio Larrea<\/span><\/h2>\n<h2><span style=\"color: #000080;\">Vicepresidente: Floreal Luna<\/span><\/h2>\n<h2><span style=\"color: #000080;\">Secretario. Natxo Gomez<\/span><\/h2>\n<h2><span style=\"color: #000080;\">Tesorera: Blanca Lasarte<\/span><\/h2>\n<h2><span style=\"color: #000080;\">Vocal. Raul Diez.<\/span><\/h2>\n","protected":false},"excerpt":{"rendered":"<p>CLUB ARABA DE BOLOS. El club Araba se crea en 1984. Nace ante la necesidad de alguna entidad que organice campeonatos y tiradas de bolos. El club Araba cuenta con mas de 1000 fichas federativas, a d\u00eda de hoy y repartidas en las diferentes categor\u00edas. Club Araba De Bolos A\u00f1o de fundaci\u00f3n&#8230;&#8230;&#8230;&#8230;&#8230;&#8230;1984 N\u00ba de socios [&hellip;]<\/p>\n","protected":false},"author":1,"featured_media":0,"parent":0,"menu_order":0,"comment_status":"open","ping_status":"open","template":"","meta":[],"_links":{"self":[{"href":"http:\/\/www.clubaraba.com\/index.php?rest_route=\/wp\/v2\/pages\/8"}],"collection":[{"href":"http:\/\/www.clubaraba.com\/index.php?rest_route=\/wp\/v2\/pages"}],"about":[{"href":"http:\/\/www.clubaraba.com\/index.php?rest_route=\/wp\/v2\/types\/page"}],"author":[{"embeddable":true,"href":"http:\/\/www.clubaraba.com\/index.php?rest_route=\/wp\/v2\/users\/1"}],"replies":[{"embeddable":true,"href":"http:\/\/www.clubaraba.com\/index.php?rest_route=%2Fwp%2Fv2%2Fcomments&post=8"}],"version-history":[{"count":11,"href":"http:\/\/www.clubaraba.com\/index.php?rest_route=\/wp\/v2\/pages\/8\/revisions"}],"predecessor-version":[{"id":1501,"href":"http:\/\/www.clubaraba.com\/index.php?rest_route=\/wp\/v2\/pages\/8\/revisions\/1501"}],"wp:attachment":[{"href":"http:\/\/www.clubaraba.com\/index.php?rest_route=%2Fwp%2Fv2%2Fmedia&parent=8"}],"curies":[{"name":"wp","href":"https:\/\/api.w.org\/{rel}","templated":true}]}}