{"id":15,"date":"2009-02-09T17:37:17","date_gmt":"2009-02-09T16:37:17","guid":{"rendered":"http:\/\/www.clubaraba.com\/?page_id=15"},"modified":"2009-04-04T11:57:56","modified_gmt":"2009-04-04T10:57:56","slug":"historia-del-bolo-alaves","status":"publish","type":"page","link":"http:\/\/www.clubaraba.com\/?page_id=15","title":{"rendered":"Historia"},"content":{"rendered":"<ul>\n<ul>\n<h1>APUNTES A LA HISTORIA DE LOS BOLOS EN ALAVA<br \/>\n  DE LOS COMIENZOS HASTA 1991<\/p>\n<p>  El juego de bolos ha sido tradicionalmente uno de los divertimentos principales para los alaveses y representa un elemento de fusi\u00f3n entre nuestro pasado y el presente.<\/p>\n<p>  Existen pruebas documentales que demuestran que ya se practicaba ampliamente all\u00e1 por el siglo XV y XVI. Se consolid\u00f3 en el XVII y se extendi\u00f3 durante los siglos XIX y XX por toda la provincia. Es uno de los pocos deportes que fue considerado como tal durante el siglo pasado. Hab\u00eda boleras en casi todas las aldeas, y en el caso concreto de la capital y sus alrededores eran muy concurridas las de Durana, la de la calle San Antonio, la de la calle Francia y las ubicadas en los pueblos cercanos de Beto\u00f1o, Armentia y Gamarra.<\/p>\n<p>  Los libros de nuestras iglesias han dejado constancia del juego de bolos, consignando datos sobre alquiler de boleras, normas para el juego y reprimendas de los p\u00e1rrocos por molestar el rezo de v\u00edsperas los bolaris que practicaban su juego favorito en lugares pr\u00f3ximos a las iglesias. De todo ello dan fe los archivos del investigador Gerardo L\u00f3pez de Guere\u00f1u Galarraga.<\/p>\n<p>  En estos recintos los vecinos del lugar dirim\u00edan el precio de las consumiciones, generalmente en domingos o festivos, mientras los aldeanos, muy diestros en el juego, cruzaban fuertes apuestas, sobre todo en los d\u00edas de mercado, llegando algunos incluso a jugarse hasta el dinero conseguido en la venta o las reses reci\u00e9n adquiridas.<\/p>\n<p>  Hace apenas unas d\u00e9cadas, en cualquier localidad alavesa, ya sea en las proximidades de la iglesia, ayuntamiento, taberna o sidrer\u00eda del lugar, hab\u00eda un juego de bolos (\u00abjobolos\u00bb, \u00abcarrejo\u00bb, \u00abcas de los bolos\u00bb, bolatoki\u00bb en mejor o peor estado.<\/p>\n<p>  Los pueblos recurr\u00edan a cualquier medio para conseguir su propia bolera. Era usual, por ejemplo, solicitar permiso a las autoridades por parte de los alcaldes, para talar un n\u00famero determinado de \u00e1rboles y con su madera levantar el recinto. Otras veces se ped\u00eda directamente el maderamen o el terreno, o bien se destinaban restos de propiedades locales (ayuntamiento, escuelas), para la creaci\u00f3n del terreno de juego.<\/p>\n<p>  Los ayuntamientos arrendaban a particulares los juegos de bolos para su explotaci\u00f3n y mejora. Hab\u00eda instalaciones que serv\u00edan como complemento de un negocio, un bar, una sidrer\u00eda o un merendero.<\/p>\n<p>  Los propietarios colaboraban con las arcas provinciales mediante la denominada contribuci\u00f3n industrial que creaba muchos problemas a las autoridades para ser cobrada.<\/p>\n<p>  Cada zona de Alava ha conservado sus propias peculiaridades en cuanto al sistema de juego, tanto en lo que se refiere a la disposici\u00f3n del terreno de juego como a las reglas de funcionamiento. Para conocer con amplitud estos aspectos, es imprescindible la lectura del estudio de investigaci\u00f3n realizado por Joaqu\u00edn Jim\u00e9nez, titulado \u00abEl juego de bolos en Alava\u00bb, editado por el departamento de Cultura de la Diputaci\u00f3n Foral de Alava en 1970.<\/p>\n<p>  Las distintas modalidades pueden clasificarse en funci\u00f3n de la localizaci\u00f3n de la tabla, gu\u00eda o loma sobre la que rueda la bola o se colocan los bolos. Entre las boleras con loma central hay que se\u00f1alar el juego de palma de tres y el juego de palma de cuatro. El primero distingue, a su vez, el sistema \u00abribere\u00f1o\u00bb, que se practicaba en tierras de Ribera Baja, Zambrana, Santa Cruz del Fierro, Salinillas de Burad\u00f3n e incluso en Samaniego, y el estilo \u00abberantevill\u00e9s\u00bb propio de la zona de Berantevilla, Armi\u00f1\u00f3n y Estavillo.<\/p>\n<p>  En cuanto al juego de palma de cuatro que por ser el m\u00e1s extendido en Alava se le conoce tambi\u00e9n como \u00abde la llanada\u00bb o m\u00e1s popularmente como \u00abbolo alav\u00e9s\u00bb, se jugaba inicialmente en La Llanada, tierras de Cuartango, Araya, Santa Cruz de Campezo, Cigoitia, Zuya y Villarreal.<\/p>\n<p>  Respecto a las boleras con loma lateral se cuentan modalidades como el juego de tres \u00abaramaiotarra\u00bb practicado en el Valle de Aramayona, el juego de palma a remonte barrundiatarra (Barrundia) y el \u00abjuego de palma salinero\u00bb de Salinas de A\u00f1ana.<\/p>\n<p>  En cuanto a las boleras con sendas gu\u00edas o tablas donde se colocan los bolos o \u00abtxirlas\u00bb destacan las modalidades del \u00abjuego de nueve gobiotarra\u00bb (t\u00edpico de la zona de Valdegob\u00eda), el \u00abjuego de nueve losino\u00bb, que corresponde a la actual modalidad de \u00abtres tablones\u00bb, apreci\u00e1ndose su pr\u00e1ctica en los n\u00facleos alaveses cercanos como Valderejo, Fresneda, etc. y el \u00abjuego de nueve ayal\u00e9s\u00bb que no es otro que el bola-toki que se practica en todo el Pa\u00eds Vasco y dentro de Alava, especialmente en el Valle de Ayala.<\/p>\n<p>  Otra modalidad, ahora desaparecida, es la denominada \u00abjuego de manillas riojano\u00bb, utilizado para la apuesta m\u00e1s que para la distracci\u00f3n.<\/p>\n<p>  CAMPEONATOS<br \/>\n  Pronto se celebraron en torno al juego de bolos numerosas competiciones y torneos, generalmente coincidiendo con las fiestas religiosas de cada localidad, y de entre las cuales cabe citar por su renombre los celebrados en Vitoria, Laguardia, Llodio, Amurrio, Gurendez, B\u00f3veda, Villanueva de Valdegob\u00eda y Salinas de A\u00f1ana.<\/p>\n<p>  El domingo 12 de agosto de 1945 se celebr\u00f3 en la Plazo del Ganado de Vitoria el I Campeonato de Bolos de Alava. Fue la Caja de Ahorros Municipal de Vitoria la entidad organizadora de aquel acontecimiento.<\/p>\n<p>  Aquel campeonato ganado por Pedro Sagredo de Pobes, naci\u00f3 como fruto maduro de una saludable inquietud expresada a trav\u00e9s del juego de bolos. Como dir\u00eda el directivo Angel Loza Berasategui, las fiestas patronales de Vitoria eran el mejor escenario para darle la dimensi\u00f3n adecuada a aquel deporte tan arraigado en la sociedad alavesa.<\/p>\n<p>  Las pruebas fueron un \u00e9xito de p\u00fablico y participantes y la CAM supo interpretar la voluntad popular con su decidido apoyo a la competici\u00f3n anual.<\/p>\n<p>  El Torneo consigui\u00f3 la revitalizaci\u00f3n de la vieja tradici\u00f3n impregnada ahora de un car\u00e1cter puramente deportivo, lejos de apuestas y disputas de haciendas como suced\u00eda hasta entonces. La Caja y personas como Angel Loza Berasategui, verdadero adalid del juego de los bolos, han aunado esfuerzos para la mejora y difusi\u00f3n de este deporte desde aquel primer campeonato. Tres a\u00f1os despu\u00e9s, al torneo acudieron 320 tiradores, una demostraci\u00f3n de la extensi\u00f3n de esta actividad.<\/p>\n<p>  El I Campeonato Provincial de Bolos, organizado por la Delegaci\u00f3n Provincial de Educaci\u00f3n y Descanso, tuvo lugar en 1947. De sus ganadores salieron los seleccionados alaveses que participaron en el primer Campeonato estatal de la modalidad.<\/p>\n<p>  LA FEDERACI\u00d3N<br \/>\n  A pesar de la pujanza y el arraigo de este deporte, la Federaci\u00f3n Alavesa de Bolos no fue creada hasta 1965. Es algo que se ha repetido tambi\u00e9n con los deportes rurales, a causa precisamente de su dif\u00edcil encaje en la actividad deportiva moderna.<\/p>\n<p>  El primer presidente de la Federaci\u00f3n fue Jos\u00e9 Ruiz Infante, quien ocup\u00f3 el cargo desde 1965 a 1970. Le sucedi\u00f3 el actual presidente Isidro L\u00f3pez de Arechavaleta, el m\u00e1s veterano presidente de las federaciones alavesas acompa\u00f1ado durante muchos a\u00f1os por Angel Losa Berasategui como como secretario de la federaci\u00f3n.<\/p>\n<p>  Esta Federaci\u00f3n aglutina en primer lugar la modalidad de tres tablones. M\u00e1s tarde acceden a la misma el bola-toki, el bowling, el bolo burgal\u00e9s, pasabolo y calva. La Federaci\u00f3n ocup\u00f3 en un principio locales de la propia Caja Municipal hasta su traspaso a la antigua Casa del Deporte sita en la calle Ramiro de Maeztu.<\/p>\n<p>  La organizaci\u00f3n de torneos y la construcci\u00f3n de nuevas boleras fueron aspectos promovidos por la Federaci\u00f3n. Una menci\u00f3n especial merece la eficaz labor del padre Jes\u00fas G\u00f3mez de Cortazar en el Colegio Corazonistas, durante los a\u00f1os sesenta y setenta. M\u00e1s de 130 j\u00f3venes cada a\u00f1o, conocieron de cerca este deporte gracias a su af\u00e1n por promocionarlo entre las nuevas generaciones.<\/p>\n<p>  EL TORNEO INTERPUEBLOS DE LA MODALIDAD ALAVESA<br \/>\n  Si ha existido un torneo que haya reactivado la afici\u00f3n a los bolos de los alaveses es sin duda el Campeonato Interpueblos, patrocinado desde su origen por la Caja de Ahorros Municipal de Vitoria y la Diputaci\u00f3n Foral de Alava. Este torneo nacido en 1977 ha convertido la modalidad alavesa en mayoritaria, al tiempo que su \u00e9xito de participaci\u00f3n ha servido de acicate para la reforma, la rehabilitaci\u00f3n, la mejora o el recubrimiento de muchas boleras.<\/p>\n<p>  Antonio Susaeta, Jos\u00e9 D\u00edaz de Marigorta, Santiago Fern\u00e1ndez, Elias Isasi, Jos\u00e9 Anda y Francisco Laus\u00edn, han sido directivos destacados de esta variante que ha arrinconado a otras. La sede de esta modalidad ha pasado del \u00abCentro Obrero Cat\u00f3lico\u00bb al Centro socio-cultural \u00abEl Campillo\u00bb y posteriormente a la bolera de \u00abla Bruller\u00eda\u00bb.<\/p>\n<p>  El palmar\u00e9s de este importante torneo est\u00e1 encabezado por el equipo de Mendiguren que gan\u00f3 en 1977, 1985 y 1986. Buruaga fue campe\u00f3n en el 81 y en el 83 y Ari\u00f1ez en el 84 y el 90. Los dem\u00e1s pueblos s\u00f3lo han podido ganar una vez. Vitoria en el 78; Apodaca en el 79; Elburgo en el 80; Etxabarri Vi\u00f1a en 82; Urrunaga en 87; Abecia en el 88; Arroyabe en el 89 y Subijana Morillas en 91.<\/p>\n<p>  En la edici\u00f3n de 1991 se inscribieron 68 equipos que representaban a 48 localidades con 500 bolaris participantes. En 1992 se celebr\u00f3 el XVI Torneo Interpueblos que cont\u00f3 con la participaci\u00f3n de 24 equipos de la Cuadrilla de Zuia; 15 de A\u00f1ana; 36 de Vitoria y 7 equipos de la Cuadrilla de Salvatierra. En total 82 equipos. Una mayor operatividad ha obligado a agrupar a todos los participantes en el Club Araba que ha llegado a contar con 1.000 licencias. Constatada la numerosa presencia de infantiles y f\u00e9minas en las distintas competiciones hacen augurar un buen futuro a esta modalidad deportiva. <\/h1>\n<\/ul>\n<\/ul>\n","protected":false},"excerpt":{"rendered":"<p>APUNTES A LA HISTORIA DE LOS BOLOS EN ALAVA DE LOS COMIENZOS HASTA 1991 El juego de bolos ha sido tradicionalmente uno de los divertimentos principales para los alaveses y representa un elemento de fusi\u00f3n entre nuestro pasado y el presente. Existen pruebas documentales que demuestran que ya se practicaba ampliamente all\u00e1 por el siglo [&hellip;]<\/p>\n","protected":false},"author":1,"featured_media":0,"parent":0,"menu_order":0,"comment_status":"open","ping_status":"open","template":"","meta":[],"_links":{"self":[{"href":"http:\/\/www.clubaraba.com\/index.php?rest_route=\/wp\/v2\/pages\/15"}],"collection":[{"href":"http:\/\/www.clubaraba.com\/index.php?rest_route=\/wp\/v2\/pages"}],"about":[{"href":"http:\/\/www.clubaraba.com\/index.php?rest_route=\/wp\/v2\/types\/page"}],"author":[{"embeddable":true,"href":"http:\/\/www.clubaraba.com\/index.php?rest_route=\/wp\/v2\/users\/1"}],"replies":[{"embeddable":true,"href":"http:\/\/www.clubaraba.com\/index.php?rest_route=%2Fwp%2Fv2%2Fcomments&post=15"}],"version-history":[{"count":5,"href":"http:\/\/www.clubaraba.com\/index.php?rest_route=\/wp\/v2\/pages\/15\/revisions"}],"predecessor-version":[{"id":19,"href":"http:\/\/www.clubaraba.com\/index.php?rest_route=\/wp\/v2\/pages\/15\/revisions\/19"}],"wp:attachment":[{"href":"http:\/\/www.clubaraba.com\/index.php?rest_route=%2Fwp%2Fv2%2Fmedia&parent=15"}],"curies":[{"name":"wp","href":"https:\/\/api.w.org\/{rel}","templated":true}]}}